{"id":48,"date":"2020-09-22T19:51:03","date_gmt":"2020-09-22T19:51:03","guid":{"rendered":"http:\/\/jerrahi.com\/?page_id=48"},"modified":"2020-09-22T19:51:03","modified_gmt":"2020-09-22T19:51:03","slug":"links","status":"publish","type":"page","link":"https:\/\/jerrahi.com\/?page_id=48","title":{"rendered":"Links"},"content":{"rendered":"\n<h2 class=\"wp-block-heading\">Books<\/h2>\n\n\n\n<ul><li><a href=\"http:\/\/www.myquran.us\/\">Al Qur&#8217;an al Karim (myquran.us)<\/a><\/li><li><a href=\"http:\/\/quran.com\/\">Al Qur&#8217;an al Karim (quran.com)<\/a><\/li><li><a href=\"http:\/\/books.google.com\/books?id=YnXCDr8IUakC&amp;printsec=frontcover&amp;dq=essential+sufism&amp;hl=en&amp;ei=ailFToT3HOrliAK0r8XPAQ&amp;sa=X&amp;oi=book_result&amp;ct=result&amp;resnum=1&amp;ved=0CDAQ6AEwAA#v=onepage&amp;q&amp;f=false\">Essential Sufism, by Fadiman and Frager<\/a><\/li><li><a href=\"http:\/\/books.google.com\/books?id=_P3t7p-VH9gC&amp;printsec=frontcover&amp;dq=heart,+self+and+soul&amp;hl=en&amp;ei=GSlFTp2JD_PWiALT7ZjgAQ&amp;sa=X&amp;oi=book_result&amp;ct=result&amp;resnum=1&amp;ved=0CDAQ6AEwAA#v=onepage&amp;q&amp;f=false\" rel=\"noreferrer noopener\" target=\"_blank\">Heart, Self and Soul, by Robert Frager<\/a><\/li><li><a href=\"http:\/\/books.google.com\/books?id=XkTYAAAAMAAJ&amp;q=irshad&amp;dq=irshad&amp;hl=en&amp;ei=8ClFTqC-NsrZiALW6eDiAQ&amp;sa=X&amp;oi=book_result&amp;ct=result&amp;resnum=2&amp;ved=0CDMQ6AEwAQ\">Irshad, by Muzaffer Ozak<\/a><\/li><li><a href=\"http:\/\/books.google.com\/books?id=48ZIPgAACAAJ&amp;dq=love+is+the+wine&amp;hl=en&amp;ei=wilFTvHEF6vWiALMu83vAQ&amp;sa=X&amp;oi=book_result&amp;ct=result&amp;resnum=1&amp;ved=0CCoQ6AEwAA\">Love is the Wine, talks by Muzaffer Ozak, edited by Robert Frager<\/a><\/li><li><a href=\"http:\/\/books.google.com\/books?id=GLFZ8f8trUgC&amp;printsec=frontcover&amp;dq=The+path+of+Muhammad&amp;hl=en&amp;ei=LipFTs71OcPiiALChsnyAQ&amp;sa=X&amp;oi=book_result&amp;ct=result&amp;resnum=1&amp;ved=0CC0Q6AEwAA#v=onepage&amp;q&amp;f=false\">The Path of Muhammad, by Imam Birgivi<\/a><\/li><li><a href=\"http:\/\/books.google.com\/books?id=2AKQAAAAMAAJ&amp;dq=Tosun+Bayrak&amp;hl=en&amp;ei=sipFTp27KMvViAK_t6nUAQ&amp;sa=X&amp;oi=book_result&amp;ct=result&amp;resnum=4&amp;ved=0CEsQ6AEwAw\">The Secret of Secrets, by \u02bbAbd al-Q\u0101dir al-J\u012bl\u0101n\u012b, interpreted by Tosun Bayrak<\/a><\/li><li><a href=\"http:\/\/books.google.com\/books?id=U-wBAAAACAAJ&amp;dq=Muzaffer+Ozak&amp;hl=en&amp;ei=iypFTp-GD-LliAKIjIXWAQ&amp;sa=X&amp;oi=book_result&amp;ct=result&amp;resnum=4&amp;ved=0CDkQ6AEwAw\">The Unveiling of Love, by Muzaffer Ozak<\/a><\/li><li><a href=\"http:\/\/books.google.com\/books?id=GZJ1O9Xe68EC&amp;printsec=frontcover&amp;dq=Vision+of+Islam&amp;hl=en&amp;ei=YipFTqO7D6PmiALq9vH6AQ&amp;sa=X&amp;oi=book_result&amp;ct=result&amp;resnum=1&amp;ved=0CDcQ6AEwAA#v=onepage&amp;q&amp;f=false\">The Vision of Islam, by Murata and Chittick<\/a><\/li><li><a href=\"http:\/\/books.google.com\/books?id=Pa8DAAAACAAJ&amp;dq=wisdom+of+islam&amp;hl=en&amp;ei=kylFTpOgMcThiALJh5CAAg&amp;sa=X&amp;oi=book_result&amp;ct=result&amp;resnum=2&amp;ved=0CDEQ6AEwAQ\">Wisdom of Islam, by Robert Frager<\/a><\/li><\/ul>\n\n\n\n<h2 class=\"wp-block-heading\">Dergahs<\/h2>\n\n\n\n<ul><li><a href=\"http:\/\/jerrahi.org\/\" rel=\"noreferrer noopener\" target=\"_blank\">Jerrahi Order of North America<\/a><\/li><\/ul>\n\n\n\n<h2 class=\"wp-block-heading\">General Interest<\/h2>\n\n\n\n<ul><li><a href=\"https:\/\/tariqramadan.com\/english\/\" rel=\"noreferrer noopener\" target=\"_blank\">Tariq Ramadan<\/a><\/li><\/ul>\n\n\n\n<h2 class=\"wp-block-heading\">Prayer<\/h2>\n\n\n\n<ul><li><a href=\"http:\/\/www.islamicfinder.org\/index.php\" rel=\"noreferrer noopener\" target=\"_blank\">Find prayer times for your area<\/a><\/li><li><a href=\"https:\/\/www.youtube.com\/watch?v=z4mf98qzeq4\" rel=\"noreferrer noopener\" target=\"_blank\">Tutorial for ablution<\/a><\/li><li><a href=\"https:\/\/www.bbc.co.uk\/religion\/galleries\/salah\/\" rel=\"noreferrer noopener\" target=\"_blank\">Tutorial for salat<\/a><\/li><\/ul>\n","protected":false},"excerpt":{"rendered":"<p>Books Al Qur&#8217;an al Karim (myquran.us) Al Qur&#8217;an al Karim (quran.com) Essential Sufism, by Fadiman and Frager Heart, Self and Soul, by Robert Frager Irshad, by Muzaffer Ozak Love is the Wine, talks by Muzaffer Ozak, edited by Robert Frager The Path of Muhammad, by Imam Birgivi The Secret of &hellip;<\/p>\n","protected":false},"author":1,"featured_media":0,"parent":0,"menu_order":0,"comment_status":"closed","ping_status":"closed","template":"","meta":[],"_links":{"self":[{"href":"https:\/\/jerrahi.com\/index.php?rest_route=\/wp\/v2\/pages\/48"}],"collection":[{"href":"https:\/\/jerrahi.com\/index.php?rest_route=\/wp\/v2\/pages"}],"about":[{"href":"https:\/\/jerrahi.com\/index.php?rest_route=\/wp\/v2\/types\/page"}],"author":[{"embeddable":true,"href":"https:\/\/jerrahi.com\/index.php?rest_route=\/wp\/v2\/users\/1"}],"replies":[{"embeddable":true,"href":"https:\/\/jerrahi.com\/index.php?rest_route=%2Fwp%2Fv2%2Fcomments&post=48"}],"version-history":[{"count":1,"href":"https:\/\/jerrahi.com\/index.php?rest_route=\/wp\/v2\/pages\/48\/revisions"}],"predecessor-version":[{"id":49,"href":"https:\/\/jerrahi.com\/index.php?rest_route=\/wp\/v2\/pages\/48\/revisions\/49"}],"wp:attachment":[{"href":"https:\/\/jerrahi.com\/index.php?rest_route=%2Fwp%2Fv2%2Fmedia&parent=48"}],"curies":[{"name":"wp","href":"https:\/\/api.w.org\/{rel}","templated":true}]}}